{"id":6864,"date":"2017-11-03T14:57:37","date_gmt":"2017-11-03T14:57:37","guid":{"rendered":"https:\/\/laukataguse.ee\/kontakt\/"},"modified":"2023-11-21T08:22:40","modified_gmt":"2023-11-21T08:22:40","slug":"kontakt","status":"publish","type":"page","link":"https:\/\/laukataguse.ee\/en\/contact\/","title":{"rendered":"Contact"},"content":{"rendered":"<div class=\"wpb-content-wrapper\"><p>[vc_row row_content_width=&#8221;grid&#8221; css=&#8221;.vc_custom_1697799005903{padding-top: 112px !important;}&#8221; el_id=&#8221;kontakt&#8221;][vc_column offset=&#8221;vc_col-lg-6 vc_col-md-12&#8243;]<div class=\"eltd-elements-holder   eltd-two-columns  eltd-responsive-mode-768 \" ><div class=\"eltd-eh-item    \"  data-item-class=\"eltd-eh-custom-6926\" data-1280-1600=\"0 10% 0 0\" data-1024-1280=\"0 11% 0 0\" data-768-1024=\"0 30% 0 0\" data-680-768=\"0 55% 0 0\" data-680=\"8% 0% 0px 0\">\n\t<div class=\"eltd-eh-item-inner\">\n\t\t<div class=\"eltd-eh-item-content eltd-eh-custom-6926\" >\n\t\t\t[vc_single_image image=&#8221;7491&#8243;][vc_column_text]<span style=\"color: #212121; font-weight: 500; letter-spacing: 2px;\">Hostess\/Costumer service<\/span>[\/vc_column_text][vc_column_text css=&#8221;.vc_custom_1700550612617{padding-right: 20px !important;}&#8221;]Communication on site, offers, bookings[\/vc_column_text][vc_column_text]Tiia Tulp[\/vc_column_text][vc_empty_space height=&#8221;6px&#8221;][vc_column_text]Email: <a href=\"mailto:info@laukataguse.ee\">info@laukataguse.ee<\/a>[\/vc_column_text][vc_column_text]+372 5656 7918 (est, rus)<br \/>\n[\/vc_column_text]\t\t<\/div>\n\t<\/div>\n<\/div><div class=\"eltd-eh-item    \"  data-item-class=\"eltd-eh-custom-4717\" data-1280-1600=\"0 10% 0 0\" data-1024-1280=\"0 11% 0 0\" data-768-1024=\"0 30% 0 0\" data-680-768=\"0 55% 0 0\" data-680=\"8% 0% 0px 0\">\n\t<div class=\"eltd-eh-item-inner\">\n\t\t<div class=\"eltd-eh-item-content eltd-eh-custom-4717\" >\n\t\t\t[vc_single_image image=&#8221;7487&#8243;][vc_column_text]<span style=\"color: #212121; font-weight: 500; letter-spacing: 2px;\">Marketing Director<\/span>[\/vc_column_text][vc_column_text]Inna Laansoo[\/vc_column_text][vc_empty_space height=&#8221;8px&#8221;][vc_column_text]Email: <a href=\"mailto:info@laukataguse.ee\">info@laukataguse.ee<\/a>[\/vc_column_text][vc_column_text]+372 518 7177 (est, eng)[\/vc_column_text][vc_empty_space height=&#8221;60px&#8221;]\t\t<\/div>\n\t<\/div>\n<\/div><\/div>[vc_column_text css=&#8221;.vc_custom_1700550706543{padding-top: 50px !important;}&#8221;]<span style=\"color: #212121; font-weight: 500; letter-spacing: 2px;\">Billing<\/span>[\/vc_column_text][vc_column_text css=&#8221;.vc_custom_1700550713646{padding-bottom: 50px !important;}&#8221;]Woodlogers O\u00dc, V\u00e4ljaotsa talu, H\u00e4rgla k\u00fcla, Raplamaa, 79401<br \/>\nRegistration number: 12149109<br \/>\nVAT number: EE101472896<br \/>\nSEB IBAN: EE711010220205733227[\/vc_column_text][\/vc_column][vc_column offset=&#8221;vc_col-lg-6 vc_col-md-12&#8243;]<div class=\"eltd-elements-holder   eltd-one-column  eltd-responsive-mode-768 \" ><div class=\"eltd-eh-item    \"  data-item-class=\"eltd-eh-custom-8255\" data-768-1024=\"45px 0 0 0\" data-680=\"40px 0 0 0\">\n\t<div class=\"eltd-eh-item-inner\">\n\t\t<div class=\"eltd-eh-item-content eltd-eh-custom-8255\" style=\"padding: 28px 0 0 0\">\n\t\t\t\n<div class=\"wpcf7 no-js\" id=\"wpcf7-f5254-o1\" lang=\"et\" dir=\"ltr\" data-wpcf7-id=\"5254\">\n<div class=\"screen-reader-response\"><p role=\"status\" aria-live=\"polite\" aria-atomic=\"true\"><\/p> <ul><\/ul><\/div>\n<form action=\"\/en\/wp-json\/wp\/v2\/pages\/6864#wpcf7-f5254-o1\" method=\"post\" class=\"wpcf7-form init\" aria-label=\"Contact form\" novalidate=\"novalidate\" data-status=\"init\">\n<div style=\"display: none;\">\n<input type=\"hidden\" name=\"_wpcf7\" value=\"5254\" \/>\n<input type=\"hidden\" name=\"_wpcf7_version\" value=\"6.0.3\" \/>\n<input type=\"hidden\" name=\"_wpcf7_locale\" value=\"et\" \/>\n<input type=\"hidden\" name=\"_wpcf7_unit_tag\" value=\"wpcf7-f5254-o1\" \/>\n<input type=\"hidden\" name=\"_wpcf7_container_post\" value=\"0\" \/>\n<input type=\"hidden\" name=\"_wpcf7_posted_data_hash\" value=\"\" \/>\n<\/div>\n<h3>Ask for a quote:\n<\/h3>\n<div class=\"column one-second\">\n\t<p><span class=\"wpcf7-form-control-wrap\" data-name=\"your-name\"><input size=\"40\" maxlength=\"400\" class=\"wpcf7-form-control wpcf7-text wpcf7-validates-as-required\" aria-required=\"true\" aria-invalid=\"false\" placeholder=\"Name *\" value=\"\" type=\"text\" name=\"your-name\" \/><\/span>\n\t<\/p>\n<\/div>\n<div class=\"column one-second\">\n\t<p><span class=\"wpcf7-form-control-wrap\" data-name=\"your-email\"><input size=\"40\" maxlength=\"400\" class=\"wpcf7-form-control wpcf7-email wpcf7-validates-as-required wpcf7-text wpcf7-validates-as-email\" aria-required=\"true\" aria-invalid=\"false\" placeholder=\"Email *\" value=\"\" type=\"email\" name=\"your-email\" \/><\/span>\n\t<\/p>\n<\/div>\n<div class=\"column one-second\">\n\t<p><span class=\"wpcf7-form-control-wrap\" data-name=\"your-phone\"><input size=\"40\" maxlength=\"400\" class=\"wpcf7-form-control wpcf7-text\" aria-invalid=\"false\" placeholder=\"Phone\" value=\"\" type=\"text\" name=\"your-phone\" \/><\/span>\n\t<\/p>\n<\/div>\n<div class=\"column one-second\">\n\t<p><span class=\"wpcf7-form-control-wrap\" data-name=\"people\"><input size=\"40\" maxlength=\"400\" class=\"wpcf7-form-control wpcf7-text\" aria-invalid=\"false\" placeholder=\"Number of people\" value=\"\" type=\"text\" name=\"people\" \/><\/span>\n\t<\/p>\n<\/div>\n<div class=\"column one-second\">\n\t<p>Beginning date:\n\t<\/p>\n<\/div>\n<div class=\"column one-second\">\n\t<p><span class=\"wpcf7-form-control-wrap\" data-name=\"toimumise-algus\"><input class=\"wpcf7-form-control wpcf7-date wpcf7-validates-as-required wpcf7-validates-as-date\" min=\"2023-01-01\" aria-required=\"true\" aria-invalid=\"false\" placeholder=\"Beginning date\" value=\"\" type=\"date\" name=\"toimumise-algus\" \/><\/span>\n\t<\/p>\n<\/div>\n<div class=\"column one-second\">\n\t<p>End date:\n\t<\/p>\n<\/div>\n<div class=\"column one-second\">\n\t<p><span class=\"wpcf7-form-control-wrap\" data-name=\"toimumise-lopp\"><input class=\"wpcf7-form-control wpcf7-date wpcf7-validates-as-required wpcf7-validates-as-date\" aria-required=\"true\" aria-invalid=\"false\" placeholder=\"End date\" value=\"\" type=\"date\" name=\"toimumise-lopp\" \/><\/span>\n\t<\/p>\n<\/div>\n<div class=\"column one\">\n\t<p><span class=\"wpcf7-form-control-wrap\" data-name=\"checkbox-838\"><span class=\"wpcf7-form-control wpcf7-checkbox\"><span class=\"wpcf7-list-item first last\"><input type=\"checkbox\" name=\"checkbox-838[]\" value=\"I would like catering (only pre-ordered)\" \/><span class=\"wpcf7-list-item-label\">I would like catering (only pre-ordered)<\/span><\/span><\/span><\/span>\n\t<\/p>\n<\/div>\n<div class=\"column one\">\n\t<p><span class=\"wpcf7-form-control-wrap\" data-name=\"your-message\"><textarea cols=\"40\" rows=\"7\" maxlength=\"2000\" class=\"wpcf7-form-control wpcf7-textarea\" aria-invalid=\"false\" placeholder=\"Event\/Additional information\" name=\"your-message\"><\/textarea><\/span>\n\t<\/p>\n<\/div>\n<div class=\"column one\">\n\t<p><input class=\"wpcf7-form-control wpcf7-submit has-spinner button_full_width\" type=\"submit\" value=\"SEND\" \/>\n\t<\/p>\n<\/div><div class=\"wpcf7-response-output\" aria-hidden=\"true\"><\/div>\n<\/form>\n<\/div>\n\t\t<\/div>\n\t<\/div>\n<\/div><\/div>[\/vc_column][\/vc_row][vc_row row_content_width=&#8221;grid&#8221; css=&#8221;.vc_custom_1697804921305{padding-top: 50px !important;padding-bottom: 100px !important;}&#8221;][vc_column]<div class=\"eltd-section-title-holder eltd-separator-disabled  eltd-st-text-position-left\" style=\"text-align: left\">\n    <div class=\"eltd-section-title-inner\">\n                            <h3 class=\"eltd-st-title eltd-title-left\" >\n                <span class=\"eltd-st-before\"><\/span>\n                <span>Where are we located?<\/span>\n            <\/h3>\n                            <\/div>\n<\/div>[vc_empty_space height=&#8221;28px&#8221;][vc_column_text]We are located 60 km (1 hour) from Tallinn and 17 km (17 minutes) from Rapla in the Kehtna municipality, Lau village.<\/p>\n<p>If you\u2019re coming from Tallinn, take Viljandi Road towards Rapla. Turn left towards N\u00f5mme 43 km before the Arank\u00fcla railway crossing. Drive 1.5 km and, just after N\u00f5mme Inn, turn right towards H\u00f5reda. Drive 4.5 km through N\u00f5mme village to the Juuru-Rapla highway. You have reached H\u00f5reda. Turn left, drive 197 meters, then turn right and drive 6.2 km, passing through the historic Ingliste village, which recently celebrated its 555th anniversary, until you reach Lau village. Lau\u2019s history dates back to 1241 when it was first mentioned in the Danish Evaluation Book as \u201cLaucataux.\u201d The name of the resort, \u201cLaukataguse,\u201d also originates from this. When you see a sign on the right side of the road that says \u201cLaukataguse Puhkek\u00fcla,\u201d turn left and drive straight for 300 meters to the parking lot surrounded by a stone wall.<\/p>\n<p>If you are coming from Rapla, take Viljandi Road towards T\u00fcri. Turn left towards Juuru-Rapla highway, just 2 km past the COOP Rapla Jaama Konsum\/E-Ehituskeskus store, crossing the railroad tracks towards Juuru. Drive 6 km to the Lau tee bus stop, just before the bus stop, turn right, drive 1.6 km, turn right at the first crossroads, and drive 4.7 km towards Keava until you reach Lau village. On the right side of the road, you will see a sign that says \u201cLaukataguse Puhkek\u00fcla.\u201d Turn left and drive straight for 300 meters to the parking lot surrounded by a stone wall.<\/p>\n<p>If you are coming from T\u00fcri, take the Tallinn-Rapla-T\u00fcri road towards Rapla. After passing through Kehtna town, turn right towards Keava 40 km after. Drive 8.3 km, cross the railway crossing (Keava station on your right), and continue straight. Keep right near the ruins of Keava Manor and drive through the winding forest road in Keava mountains until you reach Lau village. On the left side of the road, you will see a sign that says \u201cLaukataguse Puhkek\u00fcla.\u201d Turn right and drive straight for 300 meters to the parking lot surrounded by a stone wall.<\/p>\n<p>Welcome, you are welcome![\/vc_column_text][\/vc_column][\/vc_row][vc_row][vc_column]<div class=\"eltd-google-map-holder\">\n\t<div class=\"eltd-google-map\" id=\"eltd-map-335959\" data-addresses='[\"58.976936, 24.975689\"]' data-custom-map-style=no data-color-overlay=#393939 data-saturation=-100 data-lightness=-60 data-zoom=12 data-pin=https:\/\/laukataguse.ee\/wp-content\/uploads\/2023\/10\/laukataguse-marker.png data-unique-id=335959 data-scroll-wheel=no data-height=537 ><\/div>\n\t\t\t\t<div class=\"eltd-google-map-overlay\"><\/div>\n\t<\/div>\n[\/vc_column][\/vc_row][vc_row][vc_column][vc_column_text]<\/p>\n<div style=\"display: none;\"><a title=\"play youtube\" href=\"https:\/\/playytb.com\">play youtube<\/a><br \/>\n<a title=\"play youtube\" href=\"https:\/\/123porn.lol\">play youtube<\/a><br \/>\n<a title=\"xhamster\" href=\"https:\/\/xhamsterxxl.com\">xhamster<\/a><br \/>\n<a title=\"xvideos\" href=\"https:\/\/vvlx.net\">xvideos<\/a><br \/>\n<a title=\"xvideos\" href=\"https:\/\/xvideospor.com\">xvideos<\/a><br \/>\n<a title=\"porn\" href=\"https:\/\/pornx3.com\">porn<\/a><br \/>\n<a title=\"porn\" href=\"https:\/\/xporn69.com\">porn<\/a><br \/>\n<a title=\"MP3 download\" href=\"https:\/\/mp3play.online\">MP3 download<\/a><br \/>\n<a title=\"Fucking\" href=\"https:\/\/pornx3.com\/?k=Fucking\">Fucking<\/a><br \/>\n<a title=\"free Hentai\" href=\"https:\/\/hentaiye.com\/?k=free+Hentai\">free Hentai<\/a><br \/>\n<a title=\"free brazzer\" href=\"https:\/\/3sxxx.com\/?k=free+brazzer\">free brazzer<\/a><br \/>\n<a title=\"Download Mp3\" href=\"https:\/\/mp3play.net\">Download Mp3<\/a><br \/>\n<a title=\"youpor\" href=\"https:\/\/xhamsterxxl.com\/?k=youpor\">youpor<\/a><\/div>\n<p>[\/vc_column_text][\/vc_column][\/vc_row]<\/p>\n<\/div>","protected":false},"excerpt":{"rendered":"<p>[vc_row row_content_width=&#8221;grid&#8221; css=&#8221;.vc_custom_1697799005903{padding-top: 112px !important;}&#8221; el_id=&#8221;kontakt&#8221;][vc_column offset=&#8221;vc_col-lg-6 vc_col-md-12&#8243;][vc_column_text css=&#8221;.vc_custom_1700550706543{padding-top: 50px !important;}&#8221;]Billing[\/vc_column_text][vc_column_text css=&#8221;.vc_custom_1700550713646{padding-bottom: 50px !important;}&#8221;]Woodlogers O\u00dc, V\u00e4ljaotsa talu, H\u00e4rgla k\u00fcla, [&hellip;]<\/p>\n","protected":false},"author":4,"featured_media":0,"parent":0,"menu_order":0,"comment_status":"closed","ping_status":"closed","template":"full-width.php","meta":{"footnotes":""},"class_list":["post-6864","page","type-page","status-publish","hentry"],"yoast_head":"<!-- This site is optimized with the Yoast SEO plugin v24.4 - https:\/\/yoast.com\/wordpress\/plugins\/seo\/ -->\n<title>Contact - Laukataguse<\/title>\n<meta name=\"robots\" content=\"index, follow, max-snippet:-1, max-image-preview:large, max-video-preview:-1\" \/>\n<link rel=\"canonical\" href=\"https:\/\/laukataguse.ee\/en\/contact\/\" \/>\n<meta property=\"og:locale\" content=\"en_US\" \/>\n<meta property=\"og:type\" content=\"article\" \/>\n<meta property=\"og:title\" content=\"Contact - Laukataguse\" \/>\n<meta property=\"og:description\" content=\"[vc_row row_content_width=&#8221;grid&#8221; css=&#8221;.vc_custom_1697799005903{padding-top: 112px !important;}&#8221; el_id=&#8221;kontakt&#8221;][vc_column offset=&#8221;vc_col-lg-6 vc_col-md-12&#8243;][vc_column_text css=&#8221;.vc_custom_1700550706543{padding-top: 50px !important;}&#8221;]Billing[\/vc_column_text][vc_column_text css=&#8221;.vc_custom_1700550713646{padding-bottom: 50px !important;}&#8221;]Woodlogers O\u00dc, V\u00e4ljaotsa talu, H\u00e4rgla k\u00fcla, [&hellip;]\" \/>\n<meta property=\"og:url\" content=\"https:\/\/laukataguse.ee\/en\/contact\/\" \/>\n<meta property=\"og:site_name\" content=\"Laukataguse\" \/>\n<meta property=\"article:modified_time\" content=\"2023-11-21T08:22:40+00:00\" \/>\n<meta name=\"twitter:card\" content=\"summary_large_image\" \/>\n<meta name=\"twitter:label1\" content=\"Est. reading time\" \/>\n\t<meta name=\"twitter:data1\" content=\"3 minutes\" \/>\n<script type=\"application\/ld+json\" class=\"yoast-schema-graph\">{\"@context\":\"https:\/\/schema.org\",\"@graph\":[{\"@type\":\"WebPage\",\"@id\":\"https:\/\/laukataguse.ee\/en\/contact\/\",\"url\":\"https:\/\/laukataguse.ee\/en\/contact\/\",\"name\":\"Contact - Laukataguse\",\"isPartOf\":{\"@id\":\"https:\/\/laukataguse.ee\/en\/#website\"},\"datePublished\":\"2017-11-03T14:57:37+00:00\",\"dateModified\":\"2023-11-21T08:22:40+00:00\",\"breadcrumb\":{\"@id\":\"https:\/\/laukataguse.ee\/en\/contact\/#breadcrumb\"},\"inLanguage\":\"en-US\",\"potentialAction\":[{\"@type\":\"ReadAction\",\"target\":[\"https:\/\/laukataguse.ee\/en\/contact\/\"]}]},{\"@type\":\"BreadcrumbList\",\"@id\":\"https:\/\/laukataguse.ee\/en\/contact\/#breadcrumb\",\"itemListElement\":[{\"@type\":\"ListItem\",\"position\":1,\"name\":\"Avaleht\",\"item\":\"https:\/\/laukataguse.ee\/en\/\"},{\"@type\":\"ListItem\",\"position\":2,\"name\":\"Contact\"}]},{\"@type\":\"WebSite\",\"@id\":\"https:\/\/laukataguse.ee\/en\/#website\",\"url\":\"https:\/\/laukataguse.ee\/en\/\",\"name\":\"Laukataguse\",\"description\":\"\",\"potentialAction\":[{\"@type\":\"SearchAction\",\"target\":{\"@type\":\"EntryPoint\",\"urlTemplate\":\"https:\/\/laukataguse.ee\/en\/?s={search_term_string}\"},\"query-input\":{\"@type\":\"PropertyValueSpecification\",\"valueRequired\":true,\"valueName\":\"search_term_string\"}}],\"inLanguage\":\"en-US\"}]}<\/script>\n<!-- \/ Yoast SEO plugin. -->","yoast_head_json":{"title":"Contact - Laukataguse","robots":{"index":"index","follow":"follow","max-snippet":"max-snippet:-1","max-image-preview":"max-image-preview:large","max-video-preview":"max-video-preview:-1"},"canonical":"https:\/\/laukataguse.ee\/en\/contact\/","og_locale":"en_US","og_type":"article","og_title":"Contact - Laukataguse","og_description":"[vc_row row_content_width=&#8221;grid&#8221; css=&#8221;.vc_custom_1697799005903{padding-top: 112px !important;}&#8221; el_id=&#8221;kontakt&#8221;][vc_column offset=&#8221;vc_col-lg-6 vc_col-md-12&#8243;][vc_column_text css=&#8221;.vc_custom_1700550706543{padding-top: 50px !important;}&#8221;]Billing[\/vc_column_text][vc_column_text css=&#8221;.vc_custom_1700550713646{padding-bottom: 50px !important;}&#8221;]Woodlogers O\u00dc, V\u00e4ljaotsa talu, H\u00e4rgla k\u00fcla, [&hellip;]","og_url":"https:\/\/laukataguse.ee\/en\/contact\/","og_site_name":"Laukataguse","article_modified_time":"2023-11-21T08:22:40+00:00","twitter_card":"summary_large_image","twitter_misc":{"Est. reading time":"3 minutes"},"schema":{"@context":"https:\/\/schema.org","@graph":[{"@type":"WebPage","@id":"https:\/\/laukataguse.ee\/en\/contact\/","url":"https:\/\/laukataguse.ee\/en\/contact\/","name":"Contact - Laukataguse","isPartOf":{"@id":"https:\/\/laukataguse.ee\/en\/#website"},"datePublished":"2017-11-03T14:57:37+00:00","dateModified":"2023-11-21T08:22:40+00:00","breadcrumb":{"@id":"https:\/\/laukataguse.ee\/en\/contact\/#breadcrumb"},"inLanguage":"en-US","potentialAction":[{"@type":"ReadAction","target":["https:\/\/laukataguse.ee\/en\/contact\/"]}]},{"@type":"BreadcrumbList","@id":"https:\/\/laukataguse.ee\/en\/contact\/#breadcrumb","itemListElement":[{"@type":"ListItem","position":1,"name":"Avaleht","item":"https:\/\/laukataguse.ee\/en\/"},{"@type":"ListItem","position":2,"name":"Contact"}]},{"@type":"WebSite","@id":"https:\/\/laukataguse.ee\/en\/#website","url":"https:\/\/laukataguse.ee\/en\/","name":"Laukataguse","description":"","potentialAction":[{"@type":"SearchAction","target":{"@type":"EntryPoint","urlTemplate":"https:\/\/laukataguse.ee\/en\/?s={search_term_string}"},"query-input":{"@type":"PropertyValueSpecification","valueRequired":true,"valueName":"search_term_string"}}],"inLanguage":"en-US"}]}},"_links":{"self":[{"href":"https:\/\/laukataguse.ee\/en\/wp-json\/wp\/v2\/pages\/6864","targetHints":{"allow":["GET"]}}],"collection":[{"href":"https:\/\/laukataguse.ee\/en\/wp-json\/wp\/v2\/pages"}],"about":[{"href":"https:\/\/laukataguse.ee\/en\/wp-json\/wp\/v2\/types\/page"}],"author":[{"embeddable":true,"href":"https:\/\/laukataguse.ee\/en\/wp-json\/wp\/v2\/users\/4"}],"replies":[{"embeddable":true,"href":"https:\/\/laukataguse.ee\/en\/wp-json\/wp\/v2\/comments?post=6864"}],"version-history":[{"count":24,"href":"https:\/\/laukataguse.ee\/en\/wp-json\/wp\/v2\/pages\/6864\/revisions"}],"predecessor-version":[{"id":7650,"href":"https:\/\/laukataguse.ee\/en\/wp-json\/wp\/v2\/pages\/6864\/revisions\/7650"}],"wp:attachment":[{"href":"https:\/\/laukataguse.ee\/en\/wp-json\/wp\/v2\/media?parent=6864"}],"curies":[{"name":"wp","href":"https:\/\/api.w.org\/{rel}","templated":true}]}}